{"id":215,"date":"2018-06-19T12:44:10","date_gmt":"2018-06-19T12:44:10","guid":{"rendered":"https:\/\/bisericanoullegamant.com\/?page_id=215"},"modified":"2025-10-11T11:49:50","modified_gmt":"2025-10-11T11:49:50","slug":"contact-us","status":"publish","type":"page","link":"https:\/\/bisericanoullegamant.com\/en\/contact-us\/","title":{"rendered":"Contacteaza-ne"},"content":{"rendered":"<div data-elementor-type=\"wp-post\" data-elementor-id=\"215\" class=\"elementor elementor-215\">\n\t\t\t\t\t\t<section class=\"elementor-section elementor-top-section elementor-element elementor-element-0bc9bf0 elementor-section-stretched elementor-section-boxed elementor-section-height-default elementor-section-height-default\" data-id=\"0bc9bf0\" data-element_type=\"section\" data-e-type=\"section\" data-settings=\"{&quot;stretch_section&quot;:&quot;section-stretched&quot;,&quot;background_background&quot;:&quot;classic&quot;}\">\n\t\t\t\t\t\t<div class=\"elementor-container elementor-column-gap-extended\">\n\t\t\t\t\t<div class=\"elementor-column elementor-col-100 elementor-top-column elementor-element elementor-element-b39a0a8 sc_layouts_column_icons_position_left\" data-id=\"b39a0a8\" data-element_type=\"column\" data-e-type=\"column\">\n\t\t\t<div class=\"elementor-widget-wrap elementor-element-populated\">\n\t\t\t\t\t\t<div class=\"elementor-element elementor-element-03a46b2 elementor-widget elementor-widget-spacer\" data-id=\"03a46b2\" data-element_type=\"widget\" data-e-type=\"widget\" data-widget_type=\"spacer.default\">\n\t\t\t\t<div class=\"elementor-widget-container\">\n\t\t\t\t\t\t\t<div class=\"elementor-spacer\">\n\t\t\t<div class=\"elementor-spacer-inner\"><\/div>\n\t\t<\/div>\n\t\t\t\t\t\t<\/div>\n\t\t\t\t<\/div>\n\t\t\t\t<div class=\"elementor-element elementor-element-de3dc03 elementor-widget__width-initial elementor-widget elementor-widget-trx_sc_title\" data-id=\"de3dc03\" data-element_type=\"widget\" data-e-type=\"widget\" data-widget_type=\"trx_sc_title.default\">\n\t\t\t\t<div class=\"elementor-widget-container\">\n\t\t\t\t\t<div id=\"trx_sc_title_780702742\"\n\t\tclass=\"sc_title sc_title_accent\"><span class=\"sc_item_subtitle sc_title_subtitle sc_align_center sc_item_subtitle_above sc_item_title_style_accent\"> <\/span><h1 class=\"sc_item_title sc_title_title sc_align_center sc_item_title_style_accent sc_item_title_tag\"><span class=\"sc_item_title_text\">Contact Us<\/span><\/h1><div class=\"sc_item_descr sc_title_descr sc_align_center\"><\/div><\/div><!-- \/.sc_title -->\t\t\t\t<\/div>\n\t\t\t\t<\/div>\n\t\t\t\t<div class=\"elementor-element elementor-element-ad26a17 elementor-widget elementor-widget-spacer\" data-id=\"ad26a17\" data-element_type=\"widget\" data-e-type=\"widget\" data-widget_type=\"spacer.default\">\n\t\t\t\t<div class=\"elementor-widget-container\">\n\t\t\t\t\t\t\t<div class=\"elementor-spacer\">\n\t\t\t<div class=\"elementor-spacer-inner\"><\/div>\n\t\t<\/div>\n\t\t\t\t\t\t<\/div>\n\t\t\t\t<\/div>\n\t\t\t\t<div class=\"elementor-element elementor-element-bb1cc2e elementor-widget elementor-widget-text-editor\" data-id=\"bb1cc2e\" data-element_type=\"widget\" data-e-type=\"widget\" data-widget_type=\"text-editor.default\">\n\t\t\t\t<div class=\"elementor-widget-container\">\n\t\t\t\t\t\t\t\t\t<p><strong><b>\u00a0No matter the season of life you are in, you are welcome at the New Covenant Church!<br \/><b><\/b><br \/>We look forward to having you just as you are, to join us in worship and fellowship in a warm and welcoming atmosphere.<\/b><\/strong><\/p>\t\t\t\t\t\t\t\t<\/div>\n\t\t\t\t<\/div>\n\t\t\t\t<div class=\"elementor-element elementor-element-0db9511 elementor-widget elementor-widget-spacer\" data-id=\"0db9511\" data-element_type=\"widget\" data-e-type=\"widget\" data-widget_type=\"spacer.default\">\n\t\t\t\t<div class=\"elementor-widget-container\">\n\t\t\t\t\t\t\t<div class=\"elementor-spacer\">\n\t\t\t<div class=\"elementor-spacer-inner\"><\/div>\n\t\t<\/div>\n\t\t\t\t\t\t<\/div>\n\t\t\t\t<\/div>\n\t\t\t\t<section class=\"elementor-section elementor-inner-section elementor-element elementor-element-fb829cf elementor-section-boxed elementor-section-height-default elementor-section-height-default\" data-id=\"fb829cf\" data-element_type=\"section\" data-e-type=\"section\">\n\t\t\t\t\t\t<div class=\"elementor-container elementor-column-gap-extended\">\n\t\t\t\t\t<div class=\"elementor-column elementor-col-50 elementor-inner-column elementor-element elementor-element-0685fc4 sc_layouts_column_icons_position_left\" data-id=\"0685fc4\" data-element_type=\"column\" data-e-type=\"column\">\n\t\t\t<div class=\"elementor-widget-wrap elementor-element-populated\">\n\t\t\t\t\t\t<div class=\"elementor-element elementor-element-219857d sc_layouts_hide_on_wide sc_layouts_hide_on_desktop sc_layouts_hide_on_notebook sc_layouts_hide_on_tablet elementor-widget elementor-widget-spacer\" data-id=\"219857d\" data-element_type=\"widget\" data-e-type=\"widget\" data-widget_type=\"spacer.default\">\n\t\t\t\t<div class=\"elementor-widget-container\">\n\t\t\t\t\t\t\t<div class=\"elementor-spacer\">\n\t\t\t<div class=\"elementor-spacer-inner\"><\/div>\n\t\t<\/div>\n\t\t\t\t\t\t<\/div>\n\t\t\t\t<\/div>\n\t\t\t\t<div class=\"elementor-element elementor-element-f500195 elementor-widget elementor-widget-trx_sc_icons\" data-id=\"f500195\" data-element_type=\"widget\" data-e-type=\"widget\" data-widget_type=\"trx_sc_icons.default\">\n\t\t\t\t<div class=\"elementor-widget-container\">\n\t\t\t\t\t<div id=\"trx_sc_icons_1196728304\" \n\tclass=\"sc_icons sc_icons_modern sc_icons_size_small sc_align_none\"><div class=\"sc_icons_item\"><div class=\"sc_icons_icon sc_icon_type_ icon-07-clock\"><span class=\"sc_icon_type_ icon-07-clock\"><\/span><\/div><div class=\"sc_icons_item_details\"><h4 class=\"sc_icons_item_title\"><span>Service Schedule:<\/span><\/h4><div class=\"sc_icons_item_description\"><span>Sunday \u2013 4:00 PM<\/span><span>(starting at 3:00 PM, you are welcome to join us for tea or coffee)<\/span><\/div><\/div><\/div><\/div><!-- \/.sc_icons -->\t\t\t\t<\/div>\n\t\t\t\t<\/div>\n\t\t\t\t<div class=\"elementor-element elementor-element-7bf8526 elementor-widget elementor-widget-spacer\" data-id=\"7bf8526\" data-element_type=\"widget\" data-e-type=\"widget\" data-widget_type=\"spacer.default\">\n\t\t\t\t<div class=\"elementor-widget-container\">\n\t\t\t\t\t\t\t<div class=\"elementor-spacer\">\n\t\t\t<div class=\"elementor-spacer-inner\"><\/div>\n\t\t<\/div>\n\t\t\t\t\t\t<\/div>\n\t\t\t\t<\/div>\n\t\t\t\t<div class=\"elementor-element elementor-element-d96ad30 elementor-widget elementor-widget-trx_sc_icons\" data-id=\"d96ad30\" data-element_type=\"widget\" data-e-type=\"widget\" data-widget_type=\"trx_sc_icons.default\">\n\t\t\t\t<div class=\"elementor-widget-container\">\n\t\t\t\t\t<div id=\"trx_sc_icons_204994811\" \n\tclass=\"sc_icons sc_icons_modern sc_icons_size_small sc_align_none\"><div class=\"sc_icons_item\"><div class=\"sc_icons_icon sc_icon_type_ icon-08-location\"><span class=\"sc_icon_type_ icon-08-location\"><\/span><\/div><div class=\"sc_icons_item_details\"><h4 class=\"sc_icons_item_title\"><span>Address:<\/span><\/h4><div class=\"sc_icons_item_description\"><span>225 Poverest Road,<\/span><span>BR5 1RD, Orpington<\/span><span>Biserica Noul Leg\u0103m\u00e2nt<\/span><\/div><\/div><\/div><\/div><!-- \/.sc_icons -->\t\t\t\t<\/div>\n\t\t\t\t<\/div>\n\t\t\t\t<div class=\"elementor-element elementor-element-b9f1499 elementor-widget elementor-widget-spacer\" data-id=\"b9f1499\" data-element_type=\"widget\" data-e-type=\"widget\" data-widget_type=\"spacer.default\">\n\t\t\t\t<div class=\"elementor-widget-container\">\n\t\t\t\t\t\t\t<div class=\"elementor-spacer\">\n\t\t\t<div class=\"elementor-spacer-inner\"><\/div>\n\t\t<\/div>\n\t\t\t\t\t\t<\/div>\n\t\t\t\t<\/div>\n\t\t\t\t<div class=\"elementor-element elementor-element-8ca12b7 elementor-widget elementor-widget-trx_sc_icons\" data-id=\"8ca12b7\" data-element_type=\"widget\" data-e-type=\"widget\" data-widget_type=\"trx_sc_icons.default\">\n\t\t\t\t<div class=\"elementor-widget-container\">\n\t\t\t\t\t<div id=\"trx_sc_icons_527815008\" \n\tclass=\"sc_icons sc_icons_modern sc_icons_size_small sc_align_none\"><div class=\"sc_icons_item sc_icons_item_linked\"><div class=\"sc_icons_icon sc_icon_type_ icon-09-email\"><span class=\"sc_icon_type_ icon-09-email\"><\/span><\/div><div class=\"sc_icons_item_details\"><h4 class=\"sc_icons_item_title\"><span>Email:<\/span><\/h4><div class=\"sc_icons_item_description\"><span>contact@binl.co.uk<\/span><\/div><a href=\"mailto:contact@binl.co.uk\"\n\t\t\t\t\t\tclass=\"sc_icons_item_link\"><\/a><\/div><\/div><\/div><!-- \/.sc_icons -->\t\t\t\t<\/div>\n\t\t\t\t<\/div>\n\t\t\t\t<div class=\"elementor-element elementor-element-046cf0b elementor-widget elementor-widget-spacer\" data-id=\"046cf0b\" data-element_type=\"widget\" data-e-type=\"widget\" data-widget_type=\"spacer.default\">\n\t\t\t\t<div class=\"elementor-widget-container\">\n\t\t\t\t\t\t\t<div class=\"elementor-spacer\">\n\t\t\t<div class=\"elementor-spacer-inner\"><\/div>\n\t\t<\/div>\n\t\t\t\t\t\t<\/div>\n\t\t\t\t<\/div>\n\t\t\t\t<div class=\"elementor-element elementor-element-780cfd1 sc_layouts_hide_on_wide sc_layouts_hide_on_desktop sc_layouts_hide_on_notebook elementor-widget elementor-widget-trx_sc_googlemap\" data-id=\"780cfd1\" data-element_type=\"widget\" data-e-type=\"widget\" data-widget_type=\"trx_sc_googlemap.default\">\n\t\t\t\t<div class=\"elementor-widget-container\">\n\t\t\t\t\t<div id=\"trx_sc_googlemap_1038977956_wrap\" class=\"sc_googlemap_wrap\"><div id=\"trx_sc_googlemap_1038977956\"\n\t\t\tclass=\"sc_googlemap sc_googlemap_default trx_addons_inline_1729287529\"\n\t\t\t\t\t\tdata-zoom=\"14\"\n\t\t\tdata-center=\"\"\n\t\t\tdata-style=\"default\"\n\t\t\tdata-cluster-icon=\"\"\n\t\t\t><iframe\n\t\t\t\t\t\tsrc=\"https:\/\/maps.google.com\/maps?t=m&output=embed&iwloc=near&z=14&q=225+Poverest+Road%2C+BR5+1RD%2C+Orpington+Biserica+Noul+Leg%C4%83m%C3%A2nt\"\n\t\t\t\t\t\tscrolling=\"no\"\n\t\t\t\t\t\tmarginheight=\"0\"\n\t\t\t\t\t\tmarginwidth=\"0\"\n\t\t\t\t\t\tframeborder=\"0\"\n\t\t\t\t\t\taria-label=\"\"><\/iframe><\/div><\/div><!-- \/.sc_googlemap_wrap -->\t\t\t\t<\/div>\n\t\t\t\t<\/div>\n\t\t\t\t<div class=\"elementor-element elementor-element-ea2c9fc elementor-widget elementor-widget-spacer\" data-id=\"ea2c9fc\" data-element_type=\"widget\" data-e-type=\"widget\" data-widget_type=\"spacer.default\">\n\t\t\t\t<div class=\"elementor-widget-container\">\n\t\t\t\t\t\t\t<div class=\"elementor-spacer\">\n\t\t\t<div class=\"elementor-spacer-inner\"><\/div>\n\t\t<\/div>\n\t\t\t\t\t\t<\/div>\n\t\t\t\t<\/div>\n\t\t\t\t<div class=\"elementor-element elementor-element-d04de6c elementor-widget elementor-widget-trx_widget_socials\" data-id=\"d04de6c\" data-element_type=\"widget\" data-e-type=\"widget\" data-widget_type=\"trx_widget_socials.default\">\n\t\t\t\t<div class=\"elementor-widget-container\">\n\t\t\t\t\t<div id=\"trx_widget_socials_529242973\" class=\"widget_area sc_widget_socials\"><aside id=\"trx_widget_socials_529242973_widget\" class=\"widget widget_socials\"><h5 class=\"widget_title\">Follow us here!<\/h5><div class=\"socials_wrap sc_align_left\"><a target=\"_blank\" href=\"https:\/\/www.facebook.com\/profile.php?id=61560951385989\" class=\"social_item social_item_style_icons sc_icon_type_icons social_item_type_icons\"><span class=\"social_icon social_icon_facebook\"><span class=\"icon-facebook\"><\/span><\/span><\/a><a target=\"_blank\" href=\"https:\/\/www.instagram.com\/bisericanoullegamant\/\" class=\"social_item social_item_style_icons sc_icon_type_icons social_item_type_icons\"><span class=\"social_icon social_icon_instagramm\"><span class=\"icon-instagramm\"><\/span><\/span><\/a><a target=\"_blank\" href=\"http:\/\/threads.net\/@bisericanoullegamant\" class=\"social_item social_item_style_icons sc_icon_type_icons social_item_type_icons\"><span class=\"social_icon social_icon_slack\"><span class=\"icon-slack\"><\/span><\/span><\/a><a target=\"_blank\" href=\"https:\/\/www.tiktok.com\/@bisericanoullegamant\" class=\"social_item social_item_style_icons sc_icon_type_icons social_item_type_icons\"><span class=\"social_icon social_icon_tik-tok\"><span class=\"icon-tik-tok\"><\/span><\/span><\/a><a target=\"_blank\" href=\"https:\/\/x.com\/BisNoulLegamant\" class=\"social_item social_item_style_icons sc_icon_type_icons social_item_type_icons\"><span class=\"social_icon social_icon_twitter-1\"><span class=\"icon-twitter-1\"><\/span><\/span><\/a><a target=\"_blank\" href=\"https:\/\/www.youtube.com\/@BisericaNoulLegamant\" class=\"social_item social_item_style_icons sc_icon_type_icons social_item_type_icons\"><span class=\"social_icon social_icon_icon_8\"><span class=\"icon-icon_8\"><\/span><\/span><\/a><\/div><\/aside><\/div>\t\t\t\t<\/div>\n\t\t\t\t<\/div>\n\t\t\t\t<div class=\"elementor-element elementor-element-4cfcd42 elementor-widget elementor-widget-spacer\" data-id=\"4cfcd42\" data-element_type=\"widget\" data-e-type=\"widget\" data-widget_type=\"spacer.default\">\n\t\t\t\t<div class=\"elementor-widget-container\">\n\t\t\t\t\t\t\t<div class=\"elementor-spacer\">\n\t\t\t<div class=\"elementor-spacer-inner\"><\/div>\n\t\t<\/div>\n\t\t\t\t\t\t<\/div>\n\t\t\t\t<\/div>\n\t\t\t\t\t<\/div>\n\t\t<\/div>\n\t\t\t\t<div class=\"elementor-column elementor-col-50 elementor-inner-column elementor-element elementor-element-f8a856e sc_layouts_hide_on_tablet sc_layouts_hide_on_mobile sc_layouts_column_icons_position_left\" data-id=\"f8a856e\" data-element_type=\"column\" data-e-type=\"column\">\n\t\t\t<div class=\"elementor-widget-wrap elementor-element-populated\">\n\t\t\t\t\t\t<div class=\"elementor-element elementor-element-aa5f901 elementor-widget elementor-widget-trx_sc_googlemap\" data-id=\"aa5f901\" data-element_type=\"widget\" data-e-type=\"widget\" data-widget_type=\"trx_sc_googlemap.default\">\n\t\t\t\t<div class=\"elementor-widget-container\">\n\t\t\t\t\t<div id=\"trx_sc_googlemap_1562933986_wrap\" class=\"sc_googlemap_wrap\"><div id=\"trx_sc_googlemap_1562933986\"\n\t\t\tclass=\"sc_googlemap sc_googlemap_default trx_addons_inline_2055224275\"\n\t\t\t\t\t\tdata-zoom=\"14\"\n\t\t\tdata-center=\"\"\n\t\t\tdata-style=\"default\"\n\t\t\tdata-cluster-icon=\"\"\n\t\t\t><iframe\n\t\t\t\t\t\tsrc=\"https:\/\/maps.google.com\/maps?t=m&output=embed&iwloc=near&z=14&q=225+Poverest+Road%2C+BR5+1RD%2C+Orpington+Biserica+Noul+Leg%C4%83m%C3%A2nt\"\n\t\t\t\t\t\tscrolling=\"no\"\n\t\t\t\t\t\tmarginheight=\"0\"\n\t\t\t\t\t\tmarginwidth=\"0\"\n\t\t\t\t\t\tframeborder=\"0\"\n\t\t\t\t\t\taria-label=\"\"><\/iframe><\/div><\/div><!-- \/.sc_googlemap_wrap -->\t\t\t\t<\/div>\n\t\t\t\t<\/div>\n\t\t\t\t\t<\/div>\n\t\t<\/div>\n\t\t\t\t\t<\/div>\n\t\t<\/section>\n\t\t\t\t<div class=\"elementor-element elementor-element-0023f0f elementor-widget elementor-widget-spacer\" data-id=\"0023f0f\" data-element_type=\"widget\" data-e-type=\"widget\" data-widget_type=\"spacer.default\">\n\t\t\t\t<div class=\"elementor-widget-container\">\n\t\t\t\t\t\t\t<div class=\"elementor-spacer\">\n\t\t\t<div class=\"elementor-spacer-inner\"><\/div>\n\t\t<\/div>\n\t\t\t\t\t\t<\/div>\n\t\t\t\t<\/div>\n\t\t\t\t\t<\/div>\n\t\t<\/div>\n\t\t\t\t\t<\/div>\n\t\t<\/section>\n\t\t\t\t<\/div>","protected":false},"excerpt":{"rendered":"<p>Contacteaz\u0103-ne \u00a0Indiferent de sezonul vie\u021bii \u00een care te afli, e\u0219ti binevenit la Biserica Noul Leg\u0103m\u00e2nt!Te a\u0219tept\u0103m exact a\u0219a cum e\u0219ti, s\u0103 participi cu noi la \u00eenchinare \u0219i p\u0103rt\u0103\u0219ie, \u00eentr-o atmosfer\u0103 cald\u0103 \u0219i primitoare. Program slujbe: Duminica \u2013 ora 16:00(\u00eencep\u00e2nd&hellip;<\/p>","protected":false},"author":1,"featured_media":0,"parent":0,"menu_order":0,"comment_status":"closed","ping_status":"closed","template":"","meta":{"give_campaign_id":0,"_uag_custom_page_level_css":"","_monsterinsights_skip_tracking":false,"_monsterinsights_sitenote_active":false,"_monsterinsights_sitenote_note":"","_monsterinsights_sitenote_category":0,"footnotes":""},"class_list":["post-215","page","type-page","status-publish","hentry"],"aioseo_notices":[],"campaignId":"","uagb_featured_image_src":{"full":false,"thumbnail":false,"medium":false,"medium_large":false,"large":false,"1536x1536":false,"2048x2048":false,"trp-custom-language-flag":false,"post-thumbnail":false,"nazareth-thumb-huge":false,"nazareth-thumb-big":false,"nazareth-thumb-give":false,"nazareth-thumb-med":false,"nazareth-thumb-team":false,"nazareth-thumb-tiny":false,"nazareth-thumb-masonry-big":false,"nazareth-thumb-masonry":false,"trx_addons-thumb-small":false,"trx_addons-thumb-portrait":false,"trx_addons-thumb-avatar":false},"uagb_author_info":{"display_name":"bisericanoullegamantlondra@gmail.com","author_link":"https:\/\/bisericanoullegamant.com\/en\/author\/bisericanoullegamantlondragmail-com\/"},"uagb_comment_info":0,"uagb_excerpt":"Contacteaz\u0103-ne \u00a0Indiferent de sezonul vie\u021bii \u00een care te afli, e\u0219ti binevenit la Biserica Noul Leg\u0103m\u00e2nt!Te a\u0219tept\u0103m exact a\u0219a cum e\u0219ti, s\u0103 participi cu noi la \u00eenchinare \u0219i p\u0103rt\u0103\u0219ie, \u00eentr-o atmosfer\u0103 cald\u0103 \u0219i primitoare. Program slujbe: Duminica \u2013 ora 16:00(\u00eencep\u00e2nd&hellip;","_links":{"self":[{"href":"https:\/\/bisericanoullegamant.com\/en\/wp-json\/wp\/v2\/pages\/215","targetHints":{"allow":["GET"]}}],"collection":[{"href":"https:\/\/bisericanoullegamant.com\/en\/wp-json\/wp\/v2\/pages"}],"about":[{"href":"https:\/\/bisericanoullegamant.com\/en\/wp-json\/wp\/v2\/types\/page"}],"author":[{"embeddable":true,"href":"https:\/\/bisericanoullegamant.com\/en\/wp-json\/wp\/v2\/users\/1"}],"replies":[{"embeddable":true,"href":"https:\/\/bisericanoullegamant.com\/en\/wp-json\/wp\/v2\/comments?post=215"}],"version-history":[{"count":33,"href":"https:\/\/bisericanoullegamant.com\/en\/wp-json\/wp\/v2\/pages\/215\/revisions"}],"predecessor-version":[{"id":4439,"href":"https:\/\/bisericanoullegamant.com\/en\/wp-json\/wp\/v2\/pages\/215\/revisions\/4439"}],"wp:attachment":[{"href":"https:\/\/bisericanoullegamant.com\/en\/wp-json\/wp\/v2\/media?parent=215"}],"curies":[{"name":"wp","href":"https:\/\/api.w.org\/{rel}","templated":true}]}}