{"id":310,"date":"2018-06-20T08:22:28","date_gmt":"2018-06-20T08:22:28","guid":{"rendered":"https:\/\/bisericanoullegamant.com\/?page_id=310"},"modified":"2025-10-11T11:55:10","modified_gmt":"2025-10-11T11:55:10","slug":"donate","status":"publish","type":"page","link":"https:\/\/bisericanoullegamant.com\/en\/donate\/","title":{"rendered":"Donate"},"content":{"rendered":"<div data-elementor-type=\"wp-post\" data-elementor-id=\"310\" class=\"elementor elementor-310\">\n\t\t\t\t\t\t<section class=\"elementor-section elementor-top-section elementor-element elementor-element-9f6c1ce elementor-section-stretched elementor-section-boxed elementor-section-height-default elementor-section-height-default\" data-id=\"9f6c1ce\" data-element_type=\"section\" data-e-type=\"section\" data-settings=\"{&quot;stretch_section&quot;:&quot;section-stretched&quot;,&quot;background_background&quot;:&quot;classic&quot;}\">\n\t\t\t\t\t\t<div class=\"elementor-container elementor-column-gap-no\">\n\t\t\t\t\t<div class=\"elementor-column elementor-col-100 elementor-top-column elementor-element elementor-element-c9a2449 sc_layouts_column_icons_position_left\" data-id=\"c9a2449\" data-element_type=\"column\" data-e-type=\"column\">\n\t\t\t<div class=\"elementor-widget-wrap elementor-element-populated\">\n\t\t\t\t\t\t<div class=\"elementor-element elementor-element-cb3536f elementor-widget elementor-widget-spacer\" data-id=\"cb3536f\" data-element_type=\"widget\" data-e-type=\"widget\" data-widget_type=\"spacer.default\">\n\t\t\t\t<div class=\"elementor-widget-container\">\n\t\t\t\t\t\t\t<div class=\"elementor-spacer\">\n\t\t\t<div class=\"elementor-spacer-inner\"><\/div>\n\t\t<\/div>\n\t\t\t\t\t\t<\/div>\n\t\t\t\t<\/div>\n\t\t\t\t<div class=\"elementor-element elementor-element-a79d6de elementor-widget elementor-widget-trx_sc_title\" data-id=\"a79d6de\" data-element_type=\"widget\" data-e-type=\"widget\" data-widget_type=\"trx_sc_title.default\">\n\t\t\t\t<div class=\"elementor-widget-container\">\n\t\t\t\t\t<div id=\"trx_sc_title_139509740\"\n\t\tclass=\"sc_title sc_title_default\"><span class=\"sc_item_subtitle sc_title_subtitle sc_align_center sc_item_subtitle_above sc_item_title_style_default\"> <\/span><h2 class=\"sc_item_title sc_title_title sc_align_center sc_item_title_style_default\"><span class=\"sc_item_title_text\">Donate<\/span><\/h2><div class=\"sc_item_descr sc_title_descr sc_align_center\"><\/div><\/div><!-- \/.sc_title -->\t\t\t\t<\/div>\n\t\t\t\t<\/div>\n\t\t\t\t<div class=\"elementor-element elementor-element-0f022b6 elementor-widget elementor-widget-spacer\" data-id=\"0f022b6\" data-element_type=\"widget\" data-e-type=\"widget\" data-widget_type=\"spacer.default\">\n\t\t\t\t<div class=\"elementor-widget-container\">\n\t\t\t\t\t\t\t<div class=\"elementor-spacer\">\n\t\t\t<div class=\"elementor-spacer-inner\"><\/div>\n\t\t<\/div>\n\t\t\t\t\t\t<\/div>\n\t\t\t\t<\/div>\n\t\t\t\t<div class=\"elementor-element elementor-element-283da73 sc_layouts_hide_on_mobile elementor-widget elementor-widget-text-editor\" data-id=\"283da73\" data-element_type=\"widget\" data-e-type=\"widget\" data-widget_type=\"text-editor.default\">\n\t\t\t\t<div class=\"elementor-widget-container\">\n\t\t\t\t\t\t\t\t\t<span style=\"font-size: 21px; font-weight: bold;\"><b>\n\u201cEach one should give as he has decided in his heart\u2014not reluctantly or under compulsion\u2014for God loves a cheerful giver. And God is able to make all grace abound to you, so that always having all you need in everything, you may overflow in every good work.\u201d\n<br><br><br>\n\n2 Corinthians 9:7-8\n<\/b><\/span>\t\t\t\t\t\t\t\t<\/div>\n\t\t\t\t<\/div>\n\t\t\t\t<div class=\"elementor-element elementor-element-32ebb88 sc_layouts_hide_on_wide sc_layouts_hide_on_desktop sc_layouts_hide_on_notebook sc_layouts_hide_on_tablet elementor-widget elementor-widget-text-editor\" data-id=\"32ebb88\" data-element_type=\"widget\" data-e-type=\"widget\" data-widget_type=\"text-editor.default\">\n\t\t\t\t<div class=\"elementor-widget-container\">\n\t\t\t\t\t\t\t\t\t<span style=\"font-size: 17px; font-weight: bold;\">\n\u201cEach one should give as he has decided in his heart\u2014not reluctantly or under compulsion\u2014for God loves a cheerful giver. And God is able to make all grace abound to you, so that always having all you need in everything, you may overflow in every good work.\u201d\n<br><br><br>\n\n2 Corinthians 9:7-8\n<\/span>\t\t\t\t\t\t\t\t<\/div>\n\t\t\t\t<\/div>\n\t\t\t\t<div class=\"elementor-element elementor-element-a732d2b elementor-widget elementor-widget-spacer\" data-id=\"a732d2b\" data-element_type=\"widget\" data-e-type=\"widget\" data-widget_type=\"spacer.default\">\n\t\t\t\t<div class=\"elementor-widget-container\">\n\t\t\t\t\t\t\t<div class=\"elementor-spacer\">\n\t\t\t<div class=\"elementor-spacer-inner\"><\/div>\n\t\t<\/div>\n\t\t\t\t\t\t<\/div>\n\t\t\t\t<\/div>\n\t\t\t\t\t<\/div>\n\t\t<\/div>\n\t\t\t\t\t<\/div>\n\t\t<\/section>\n\t\t\t\t<section class=\"elementor-section elementor-top-section elementor-element elementor-element-1fb9f30 elementor-section-stretched elementor-section-boxed elementor-section-height-default elementor-section-height-default\" data-id=\"1fb9f30\" data-element_type=\"section\" data-e-type=\"section\" data-settings=\"{&quot;stretch_section&quot;:&quot;section-stretched&quot;,&quot;background_background&quot;:&quot;classic&quot;}\">\n\t\t\t\t\t\t<div class=\"elementor-container elementor-column-gap-extended\">\n\t\t\t\t\t<div class=\"elementor-column elementor-col-100 elementor-top-column elementor-element elementor-element-d2e23d9 sc_layouts_column_icons_position_left\" data-id=\"d2e23d9\" data-element_type=\"column\" data-e-type=\"column\">\n\t\t\t<div class=\"elementor-widget-wrap elementor-element-populated\">\n\t\t\t\t\t\t<div class=\"elementor-element elementor-element-b40f47f elementor-widget elementor-widget-spacer\" data-id=\"b40f47f\" data-element_type=\"widget\" data-e-type=\"widget\" data-widget_type=\"spacer.default\">\n\t\t\t\t<div class=\"elementor-widget-container\">\n\t\t\t\t\t\t\t<div class=\"elementor-spacer\">\n\t\t\t<div class=\"elementor-spacer-inner\"><\/div>\n\t\t<\/div>\n\t\t\t\t\t\t<\/div>\n\t\t\t\t<\/div>\n\t\t\t\t<div class=\"elementor-element elementor-element-07e543e elementor-widget elementor-widget-text-editor\" data-id=\"07e543e\" data-element_type=\"widget\" data-e-type=\"widget\" data-widget_type=\"text-editor.default\">\n\t\t\t\t<div class=\"elementor-widget-container\">\n\t\t\t\t\t\t\t\t\t<p><strong>The New Covenant Church operates as a registered Charity under the name BiNL, no. 1211876.<\/strong><br \/><br \/>Everything we do at BiNL is made possible through the generosity of believers who choose to support the ministry with voluntary and discretionary gifts.<\/p><p><strong>Ways to Contribute:<\/strong><\/p><p style=\"text-align: left;\">\u2022 <strong>Cash \/ Card<\/strong> \/ Apple Pay \/ Google Pay \u2013<strong> \u00een cadrul serviciilor publice<\/strong><br \/>\u2022<strong> Cont GBP<\/strong>: Nume: BiNL \/ Account: 67398195 \/ Sort code: 08-92-99<br \/>\u2022<strong> Cont IBAN<\/strong> (RON\/EUR\/USD): Nume: BiNL \/ IBAN: BE48 9052 8030 2927 \/ SWIFT: TRWIBEB1XXX<br \/>\u2022<strong> PayPal<\/strong>: <a href=\"https:\/\/www.paypal.com\/paypalme\/bisericanoullegamant\">paypal.me\/bisericanoullegamant<\/a><\/p><p style=\"text-align: left;\">\u2022 <strong>Direct pe site<\/strong> (mai jos) \u2013 dona\u021biile sunt securizate, procesate prin Stripe, iar BiNL nu are acces la datele bancare<\/p><p style=\"text-align: left;\">\u2022 <strong>Gift Aid<\/strong> (UK): Completeaz\u0103 <a href=\"https:\/\/docs.google.com\/forms\/d\/e\/1FAIpQLSe7F2mrByLHlCR3BcPog5cYrsvXu9OHIqoQ6ZjW-nCat_XlHA\/viewform\">the Gift Aid form<\/a> \u2013 <strong>dac\u0103 e\u0219ti contribuabil \u00een UK, guvernul adaug\u0103 25% la dona\u021bia ta, f\u0103r\u0103 niciun cost suplimentar pentru tine<\/strong><\/p>\t\t\t\t\t\t\t\t<\/div>\n\t\t\t\t<\/div>\n\t\t\t\t<div class=\"elementor-element elementor-element-f6c3c37 elementor-widget elementor-widget-spacer\" data-id=\"f6c3c37\" data-element_type=\"widget\" data-e-type=\"widget\" data-widget_type=\"spacer.default\">\n\t\t\t\t<div class=\"elementor-widget-container\">\n\t\t\t\t\t\t\t<div class=\"elementor-spacer\">\n\t\t\t<div class=\"elementor-spacer-inner\"><\/div>\n\t\t<\/div>\n\t\t\t\t\t\t<\/div>\n\t\t\t\t<\/div>\n\t\t\t\t\t<\/div>\n\t\t<\/div>\n\t\t\t\t\t<\/div>\n\t\t<\/section>\n\t\t\t\t<section class=\"elementor-section elementor-top-section elementor-element elementor-element-670e710 elementor-section-stretched elementor-section-boxed elementor-section-height-default elementor-section-height-default\" data-id=\"670e710\" data-element_type=\"section\" data-e-type=\"section\" data-settings=\"{&quot;stretch_section&quot;:&quot;section-stretched&quot;,&quot;background_background&quot;:&quot;classic&quot;}\">\n\t\t\t\t\t\t<div class=\"elementor-container elementor-column-gap-extended\">\n\t\t\t\t\t<div class=\"elementor-column elementor-col-100 elementor-top-column elementor-element elementor-element-c1b6e23 sc_layouts_column_icons_position_left\" data-id=\"c1b6e23\" data-element_type=\"column\" data-e-type=\"column\">\n\t\t\t<div class=\"elementor-widget-wrap elementor-element-populated\">\n\t\t\t\t\t\t<div class=\"elementor-element elementor-element-cdf10e9 elementor-widget elementor-widget-spacer\" data-id=\"cdf10e9\" data-element_type=\"widget\" data-e-type=\"widget\" data-widget_type=\"spacer.default\">\n\t\t\t\t<div class=\"elementor-widget-container\">\n\t\t\t\t\t\t\t<div class=\"elementor-spacer\">\n\t\t\t<div class=\"elementor-spacer-inner\"><\/div>\n\t\t<\/div>\n\t\t\t\t\t\t<\/div>\n\t\t\t\t<\/div>\n\t\t\t\t<div class=\"elementor-element elementor-element-4a90b97 elementor-widget elementor-widget-trx_sc_give\" data-id=\"4a90b97\" data-element_type=\"widget\" data-e-type=\"widget\" data-widget_type=\"trx_sc_give.default\">\n\t\t\t\t<div class=\"elementor-widget-container\">\n\t\t\t\t\t<div class='root-data-givewp-embed' data-form-locale='en_GB' data-form-url='https:\/\/bisericanoullegamant.com\/?post_type=give_forms&#038;p=4211' data-form-view-url='https:\/\/bisericanoullegamant.com\/en\/?givewp-route=donation-form-view&form-id=4211' data-src='https:\/\/bisericanoullegamant.com\/en\/?givewp-route=donation-form-view&form-id=4211' data-givewp-embed-id='give-form-shortcode-1' data-form-format='' data-open-form-button='Donate now' style='--givewp-primary-color: #0b72d9; --givewp-secondary-color: #27ae60;'><\/div>\t\t\t\t<\/div>\n\t\t\t\t<\/div>\n\t\t\t\t<div class=\"elementor-element elementor-element-5afb5f3 elementor-widget elementor-widget-spacer\" data-id=\"5afb5f3\" data-element_type=\"widget\" data-e-type=\"widget\" data-widget_type=\"spacer.default\">\n\t\t\t\t<div class=\"elementor-widget-container\">\n\t\t\t\t\t\t\t<div class=\"elementor-spacer\">\n\t\t\t<div class=\"elementor-spacer-inner\"><\/div>\n\t\t<\/div>\n\t\t\t\t\t\t<\/div>\n\t\t\t\t<\/div>\n\t\t\t\t\t<\/div>\n\t\t<\/div>\n\t\t\t\t\t<\/div>\n\t\t<\/section>\n\t\t\t\t<\/div>","protected":false},"excerpt":{"rendered":"<p>Contribuie \u201cFiecare s\u0103 dea dup\u0103 cum a hot\u0103r\u00e2t \u00een inima lui: nu cu p\u0103rere de r\u0103u sau de sil\u0103, c\u0103ci \u201epe cine d\u0103 cu bucurie \u00eel iube\u0219te Dumnezeu. \u0218i Dumnezeu poate s\u0103 v\u0103 umple cu orice har, pentru ca,&hellip;<\/p>","protected":false},"author":1,"featured_media":0,"parent":0,"menu_order":0,"comment_status":"closed","ping_status":"closed","template":"","meta":{"give_campaign_id":0,"_uag_custom_page_level_css":"","_monsterinsights_skip_tracking":false,"_monsterinsights_sitenote_active":false,"_monsterinsights_sitenote_note":"","_monsterinsights_sitenote_category":0,"footnotes":""},"class_list":["post-310","page","type-page","status-publish","hentry"],"aioseo_notices":[],"campaignId":"","uagb_featured_image_src":{"full":false,"thumbnail":false,"medium":false,"medium_large":false,"large":false,"1536x1536":false,"2048x2048":false,"trp-custom-language-flag":false,"post-thumbnail":false,"nazareth-thumb-huge":false,"nazareth-thumb-big":false,"nazareth-thumb-give":false,"nazareth-thumb-med":false,"nazareth-thumb-team":false,"nazareth-thumb-tiny":false,"nazareth-thumb-masonry-big":false,"nazareth-thumb-masonry":false,"trx_addons-thumb-small":false,"trx_addons-thumb-portrait":false,"trx_addons-thumb-avatar":false},"uagb_author_info":{"display_name":"bisericanoullegamantlondra@gmail.com","author_link":"https:\/\/bisericanoullegamant.com\/en\/author\/bisericanoullegamantlondragmail-com\/"},"uagb_comment_info":0,"uagb_excerpt":"Contribuie \u201cFiecare s\u0103 dea dup\u0103 cum a hot\u0103r\u00e2t \u00een inima lui: nu cu p\u0103rere de r\u0103u sau de sil\u0103, c\u0103ci \u201epe cine d\u0103 cu bucurie \u00eel iube\u0219te Dumnezeu. \u0218i Dumnezeu poate s\u0103 v\u0103 umple cu orice har, pentru ca,&hellip;","_links":{"self":[{"href":"https:\/\/bisericanoullegamant.com\/en\/wp-json\/wp\/v2\/pages\/310","targetHints":{"allow":["GET"]}}],"collection":[{"href":"https:\/\/bisericanoullegamant.com\/en\/wp-json\/wp\/v2\/pages"}],"about":[{"href":"https:\/\/bisericanoullegamant.com\/en\/wp-json\/wp\/v2\/types\/page"}],"author":[{"embeddable":true,"href":"https:\/\/bisericanoullegamant.com\/en\/wp-json\/wp\/v2\/users\/1"}],"replies":[{"embeddable":true,"href":"https:\/\/bisericanoullegamant.com\/en\/wp-json\/wp\/v2\/comments?post=310"}],"version-history":[{"count":57,"href":"https:\/\/bisericanoullegamant.com\/en\/wp-json\/wp\/v2\/pages\/310\/revisions"}],"predecessor-version":[{"id":4446,"href":"https:\/\/bisericanoullegamant.com\/en\/wp-json\/wp\/v2\/pages\/310\/revisions\/4446"}],"wp:attachment":[{"href":"https:\/\/bisericanoullegamant.com\/en\/wp-json\/wp\/v2\/media?parent=310"}],"curies":[{"name":"wp","href":"https:\/\/api.w.org\/{rel}","templated":true}]}}