{"id":336,"date":"2018-06-20T12:03:20","date_gmt":"2018-06-20T12:03:20","guid":{"rendered":"https:\/\/bisericanoullegamant.com\/?page_id=336"},"modified":"2025-10-11T11:47:25","modified_gmt":"2025-10-11T11:47:25","slug":"members","status":"publish","type":"page","link":"https:\/\/bisericanoullegamant.com\/en\/members\/","title":{"rendered":"Members"},"content":{"rendered":"<div data-elementor-type=\"wp-post\" data-elementor-id=\"336\" class=\"elementor elementor-336\">\n\t\t\t\t\t\t<section class=\"elementor-section elementor-top-section elementor-element elementor-element-cbadfe3 elementor-section-stretched elementor-section-full_width hide_bg_image_on_tablet hide_bg_image_on_mobile sc_layouts_hide_on_tablet sc_layouts_hide_on_mobile elementor-section-height-default elementor-section-height-default\" data-id=\"cbadfe3\" data-element_type=\"section\" data-e-type=\"section\" data-settings=\"{&quot;stretch_section&quot;:&quot;section-stretched&quot;,&quot;background_background&quot;:&quot;classic&quot;}\">\n\t\t\t\t\t\t<div class=\"elementor-container elementor-column-gap-no\">\n\t\t\t\t\t<div class=\"elementor-column elementor-col-100 elementor-top-column elementor-element elementor-element-bb31b11 sc_layouts_column_icons_position_left\" data-id=\"bb31b11\" data-element_type=\"column\" data-e-type=\"column\">\n\t\t\t<div class=\"elementor-widget-wrap elementor-element-populated\">\n\t\t\t\t\t\t<section class=\"elementor-section elementor-inner-section elementor-element elementor-element-6988243 elementor-section-boxed elementor-section-height-default elementor-section-height-default\" data-id=\"6988243\" data-element_type=\"section\" data-e-type=\"section\">\n\t\t\t\t\t\t<div class=\"elementor-container elementor-column-gap-no\">\n\t\t\t\t\t<div class=\"elementor-column elementor-col-100 elementor-inner-column elementor-element elementor-element-e307748 sc_layouts_column_icons_position_left\" data-id=\"e307748\" data-element_type=\"column\" data-e-type=\"column\">\n\t\t\t<div class=\"elementor-widget-wrap elementor-element-populated\">\n\t\t\t\t\t\t<div class=\"elementor-element elementor-element-111a40f elementor-widget elementor-widget-spacer\" data-id=\"111a40f\" data-element_type=\"widget\" data-e-type=\"widget\" data-widget_type=\"spacer.default\">\n\t\t\t\t<div class=\"elementor-widget-container\">\n\t\t\t\t\t\t\t<div class=\"elementor-spacer\">\n\t\t\t<div class=\"elementor-spacer-inner\"><\/div>\n\t\t<\/div>\n\t\t\t\t\t\t<\/div>\n\t\t\t\t<\/div>\n\t\t\t\t<div class=\"elementor-element elementor-element-b21daba elementor-widget elementor-widget-trx_sc_title\" data-id=\"b21daba\" data-element_type=\"widget\" data-e-type=\"widget\" data-widget_type=\"trx_sc_title.default\">\n\t\t\t\t<div class=\"elementor-widget-container\">\n\t\t\t\t\t<div id=\"trx_sc_title_117403601\"\n\t\tclass=\"sc_title sc_title_accent\"><span class=\"sc_item_subtitle sc_title_subtitle sc_align_center sc_item_subtitle_above sc_item_title_style_accent\"> <\/span><h2 class=\"sc_item_title sc_title_title sc_align_center sc_item_title_style_accent\"><span class=\"sc_item_title_text\">How do I become a member of BiNL?<\/span><\/h2><div class=\"sc_item_descr sc_title_descr sc_align_center\"><\/div><\/div><!-- \/.sc_title -->\t\t\t\t<\/div>\n\t\t\t\t<\/div>\n\t\t\t\t<div class=\"elementor-element elementor-element-a508a80 elementor-widget elementor-widget-spacer\" data-id=\"a508a80\" data-element_type=\"widget\" data-e-type=\"widget\" data-widget_type=\"spacer.default\">\n\t\t\t\t<div class=\"elementor-widget-container\">\n\t\t\t\t\t\t\t<div class=\"elementor-spacer\">\n\t\t\t<div class=\"elementor-spacer-inner\"><\/div>\n\t\t<\/div>\n\t\t\t\t\t\t<\/div>\n\t\t\t\t<\/div>\n\t\t\t\t<div class=\"elementor-element elementor-element-34e4b01 elementor-widget elementor-widget-text-editor\" data-id=\"34e4b01\" data-element_type=\"widget\" data-e-type=\"widget\" data-widget_type=\"text-editor.default\">\n\t\t\t\t<div class=\"elementor-widget-container\">\n\t\t\t\t\t\t\t\t\t<b>We are glad that you are considering becoming part of our spiritual family. Our desire is for every believer to have a place to grow in faith and live for the glory of God. Our goal is to meet a real need in South London, where over forty thousand Romanians live and there are very few Romanian evangelical churches.\n<\/b>\n<br><br>\n<b>\nIf you are already an active member of a Christian church within an easily accessible distance, with sound doctrine and mature leadership, we encourage you to remain steadfast and continue serving where God has called you.\n<\/b>\n<br><br>\n<b>\n\nBut if you have recently moved to the area or are looking to know God more within a Romanian Christian community, we warmly invite you to join us.<\/b>\n<blockquote><strong>Becoming a member of BiNL means more than attending services. It is a conscious choice to belong to a spiritual family, to share your faith, and to serve together for the glory of Christ.<\/strong><\/blockquote>\t\t\t\t\t\t\t\t<\/div>\n\t\t\t\t<\/div>\n\t\t\t\t<div class=\"elementor-element elementor-element-44d2778 elementor-widget elementor-widget-spacer\" data-id=\"44d2778\" data-element_type=\"widget\" data-e-type=\"widget\" data-widget_type=\"spacer.default\">\n\t\t\t\t<div class=\"elementor-widget-container\">\n\t\t\t\t\t\t\t<div class=\"elementor-spacer\">\n\t\t\t<div class=\"elementor-spacer-inner\"><\/div>\n\t\t<\/div>\n\t\t\t\t\t\t<\/div>\n\t\t\t\t<\/div>\n\t\t\t\t<div class=\"elementor-element elementor-element-2a8c753 elementor-widget elementor-widget-trx_sc_icons\" data-id=\"2a8c753\" data-element_type=\"widget\" data-e-type=\"widget\" data-widget_type=\"trx_sc_icons.default\">\n\t\t\t\t<div class=\"elementor-widget-container\">\n\t\t\t\t\t<div id=\"trx_sc_icons_1206607814\" \n\tclass=\"sc_icons sc_icons_default sc_icons_size_small sc_align_left\"><h2 class=\"sc_item_title sc_icons_title sc_align_center sc_item_title_style_default\"><span class=\"sc_item_title_text\">The main steps to becoming a BiNL member:<\/span><\/h2><div class=\"sc_icons_columns_wrap sc_item_columns trx_addons_columns_wrap columns_padding_bottom\"><div class=\"trx_addons_column-1_2\"><div class=\"sc_icons_item sc_icons_item_char_on\"><div class=\"sc_icons_image\"><img fetchpriority=\"high\" decoding=\"async\" src=\"\/\/bisericanoullegamant.com\/wp-content\/uploads\/2025\/08\/deab66f1cf37f6ab46761e64a391cbbd-370x208.png\" alt=\"Icon\" width=\"370\" height=\"208\"><\/div><div class=\"sc_icons_icon sc_icons_char\" data-char=\"1\"><span data-char=\"1\"><\/span><\/div><div class=\"sc_icons_item_details\"><h4 class=\"sc_icons_item_title\"><span>Mutual acquaintance (3\u20136 months)<\/span><\/h4><div class=\"sc_icons_item_description\"><span>We give you time to get to know us\u2014the atmosphere, faith, and community. At the same time, we want to get to know you. During this period, you can participate in BiNL meetings, events, and activities.<\/span><\/div><\/div><\/div><\/div><div class=\"trx_addons_column-1_2\"><div class=\"sc_icons_item sc_icons_item_char_on\"><div class=\"sc_icons_image\"><img decoding=\"async\" src=\"\/\/bisericanoullegamant.com\/wp-content\/uploads\/2025\/08\/f3480be7fe03c36bcf7ae9b6b854eec3-e1756457719226-370x208.png\" alt=\"Icon\" width=\"370\" height=\"208\"><\/div><div class=\"sc_icons_icon sc_icons_char\" data-char=\"2\"><span data-char=\"2\"><\/span><\/div><div class=\"sc_icons_item_details\"><h4 class=\"sc_icons_item_title\"><span>Discussion about faith and church life<\/span><\/h4><div class=\"sc_icons_item_description\"><span>After this period, you will have a personal conversation with one of the church leaders to share your testimony and understand what membership at BiNL means.<\/span><\/div><\/div><\/div><\/div><div class=\"trx_addons_column-1_2\"><div class=\"sc_icons_item sc_icons_item_char_on\"><div class=\"sc_icons_image\"><img decoding=\"async\" src=\"\/\/bisericanoullegamant.com\/wp-content\/uploads\/2025\/08\/d30d0efd1c9dbc0c7e050559da73fc66-370x208.png\" alt=\"Icon\" width=\"370\" height=\"208\"><\/div><div class=\"sc_icons_icon sc_icons_char\" data-char=\"3\"><span data-char=\"3\"><\/span><\/div><div class=\"sc_icons_item_details\"><h4 class=\"sc_icons_item_title\"><span>Adopting the BiNL Creed and Values<\/span><\/h4><div class=\"sc_icons_item_description\"><span>Membership involves embracing the biblical faith and the New Covenant Church Creed, as well as living in accordance with the BiNL pillars of Worship, Mission, Discipleship, and Fellowship.<\/span><\/div><\/div><\/div><\/div><div class=\"trx_addons_column-1_2\"><div class=\"sc_icons_item sc_icons_item_char_on\"><div class=\"sc_icons_image\"><img loading=\"lazy\" decoding=\"async\" src=\"\/\/bisericanoullegamant.com\/wp-content\/uploads\/2025\/08\/326756de07212f62a8b00ceb21625f95-370x208.png\" alt=\"Icon\" width=\"370\" height=\"208\"><\/div><div class=\"sc_icons_icon sc_icons_char\" data-char=\"4\"><span data-char=\"4\"><\/span><\/div><div class=\"sc_icons_item_details\"><h4 class=\"sc_icons_item_title\"><span>Membership Commitment<\/span><\/h4><div class=\"sc_icons_item_description\"><span>A BiNL member regularly participates in church life, engages in service according to the gifts received, and lives faithfully before God and within the community.<\/span><\/div><\/div><\/div><\/div><\/div><\/div><!-- \/.sc_icons -->\t\t\t\t<\/div>\n\t\t\t\t<\/div>\n\t\t\t\t<div class=\"elementor-element elementor-element-16e6a40 elementor-widget elementor-widget-spacer\" data-id=\"16e6a40\" data-element_type=\"widget\" data-e-type=\"widget\" data-widget_type=\"spacer.default\">\n\t\t\t\t<div class=\"elementor-widget-container\">\n\t\t\t\t\t\t\t<div class=\"elementor-spacer\">\n\t\t\t<div class=\"elementor-spacer-inner\"><\/div>\n\t\t<\/div>\n\t\t\t\t\t\t<\/div>\n\t\t\t\t<\/div>\n\t\t\t\t<section class=\"elementor-section elementor-inner-section elementor-element elementor-element-71d1f64 elementor-section-boxed elementor-section-height-default elementor-section-height-default\" data-id=\"71d1f64\" data-element_type=\"section\" data-e-type=\"section\">\n\t\t\t\t\t\t<div class=\"elementor-container elementor-column-gap-extended\">\n\t\t\t\t\t<div class=\"elementor-column elementor-col-100 elementor-inner-column elementor-element elementor-element-5ca6a51 sc_layouts_column_icons_position_left\" data-id=\"5ca6a51\" data-element_type=\"column\" data-e-type=\"column\">\n\t\t\t<div class=\"elementor-widget-wrap elementor-element-populated\">\n\t\t\t\t\t\t<div class=\"elementor-element elementor-element-f705cd8 elementor-widget elementor-widget-heading\" data-id=\"f705cd8\" data-element_type=\"widget\" data-e-type=\"widget\" data-widget_type=\"heading.default\">\n\t\t\t\t<div class=\"elementor-widget-container\">\n\t\t\t\t\t<h2 class=\"elementor-heading-title elementor-size-default\">What does membership mean?<\/h2>\t\t\t\t<\/div>\n\t\t\t\t<\/div>\n\t\t\t\t<div class=\"elementor-element elementor-element-9b57606 elementor-widget elementor-widget-spacer\" data-id=\"9b57606\" data-element_type=\"widget\" data-e-type=\"widget\" data-widget_type=\"spacer.default\">\n\t\t\t\t<div class=\"elementor-widget-container\">\n\t\t\t\t\t\t\t<div class=\"elementor-spacer\">\n\t\t\t<div class=\"elementor-spacer-inner\"><\/div>\n\t\t<\/div>\n\t\t\t\t\t\t<\/div>\n\t\t\t\t<\/div>\n\t\t\t\t<div class=\"elementor-element elementor-element-f2562ea elementor-widget elementor-widget-text-editor\" data-id=\"f2562ea\" data-element_type=\"widget\" data-e-type=\"widget\" data-widget_type=\"text-editor.default\">\n\t\t\t\t<div class=\"elementor-widget-container\">\n\t\t\t\t\t\t\t\t\t<p><strong>Practically, membership means being present at church gatherings, praying and serving alongside us, contributing to the growth of the community, and enjoying the support of a spiritual family when you need it.<\/strong><\/p><p><strong>If you feel that this is the right step for you, we encourage you to speak with one of <a href=\"\/en\/our-team\/\">the church leaders <\/a>sau s\u0103 ne scrii la contact@binl.co.uk<\/strong><\/p>\t\t\t\t\t\t\t\t<\/div>\n\t\t\t\t<\/div>\n\t\t\t\t<div class=\"elementor-element elementor-element-c535e29 elementor-widget elementor-widget-spacer\" data-id=\"c535e29\" data-element_type=\"widget\" data-e-type=\"widget\" data-widget_type=\"spacer.default\">\n\t\t\t\t<div class=\"elementor-widget-container\">\n\t\t\t\t\t\t\t<div class=\"elementor-spacer\">\n\t\t\t<div class=\"elementor-spacer-inner\"><\/div>\n\t\t<\/div>\n\t\t\t\t\t\t<\/div>\n\t\t\t\t<\/div>\n\t\t\t\t\t<\/div>\n\t\t<\/div>\n\t\t\t\t\t<\/div>\n\t\t<\/section>\n\t\t\t\t\t<\/div>\n\t\t<\/div>\n\t\t\t\t\t<\/div>\n\t\t<\/section>\n\t\t\t\t\t<\/div>\n\t\t<\/div>\n\t\t\t\t\t<\/div>\n\t\t<\/section>\n\t\t\t\t<section class=\"elementor-section elementor-top-section elementor-element elementor-element-ba87050 elementor-section-stretched elementor-section-full_width sc_layouts_hide_on_wide sc_layouts_hide_on_desktop sc_layouts_hide_on_notebook elementor-section-height-default elementor-section-height-default\" data-id=\"ba87050\" data-element_type=\"section\" data-e-type=\"section\" data-settings=\"{&quot;stretch_section&quot;:&quot;section-stretched&quot;,&quot;background_background&quot;:&quot;classic&quot;}\">\n\t\t\t\t\t\t<div class=\"elementor-container elementor-column-gap-no\">\n\t\t\t\t\t<div class=\"elementor-column elementor-col-100 elementor-top-column elementor-element elementor-element-4bc8226 sc_layouts_column_icons_position_left\" data-id=\"4bc8226\" data-element_type=\"column\" data-e-type=\"column\">\n\t\t\t<div class=\"elementor-widget-wrap elementor-element-populated\">\n\t\t\t\t\t\t<section class=\"elementor-section elementor-inner-section elementor-element elementor-element-9605fec elementor-section-boxed elementor-section-height-default elementor-section-height-default\" data-id=\"9605fec\" data-element_type=\"section\" data-e-type=\"section\">\n\t\t\t\t\t\t<div class=\"elementor-container elementor-column-gap-no\">\n\t\t\t\t\t<div class=\"elementor-column elementor-col-100 elementor-inner-column elementor-element elementor-element-408a733 sc_layouts_column_icons_position_left\" data-id=\"408a733\" data-element_type=\"column\" data-e-type=\"column\">\n\t\t\t<div class=\"elementor-widget-wrap elementor-element-populated\">\n\t\t\t\t\t\t<div class=\"elementor-element elementor-element-e90ce07 elementor-widget elementor-widget-spacer\" data-id=\"e90ce07\" data-element_type=\"widget\" data-e-type=\"widget\" data-widget_type=\"spacer.default\">\n\t\t\t\t<div class=\"elementor-widget-container\">\n\t\t\t\t\t\t\t<div class=\"elementor-spacer\">\n\t\t\t<div class=\"elementor-spacer-inner\"><\/div>\n\t\t<\/div>\n\t\t\t\t\t\t<\/div>\n\t\t\t\t<\/div>\n\t\t\t\t<div class=\"elementor-element elementor-element-2121b31 elementor-widget elementor-widget-trx_sc_title\" data-id=\"2121b31\" data-element_type=\"widget\" data-e-type=\"widget\" data-widget_type=\"trx_sc_title.default\">\n\t\t\t\t<div class=\"elementor-widget-container\">\n\t\t\t\t\t<div id=\"trx_sc_title_2048771251\"\n\t\tclass=\"sc_title sc_title_accent\"><span class=\"sc_item_subtitle sc_title_subtitle sc_align_center sc_item_subtitle_above sc_item_title_style_accent\"> <\/span><h2 class=\"sc_item_title sc_title_title sc_align_center sc_item_title_style_accent\"><span class=\"sc_item_title_text\">How do I become a member of BiNL?<\/span><\/h2><div class=\"sc_item_descr sc_title_descr sc_align_center\"><\/div><\/div><!-- \/.sc_title -->\t\t\t\t<\/div>\n\t\t\t\t<\/div>\n\t\t\t\t<div class=\"elementor-element elementor-element-6a872f4 elementor-widget elementor-widget-spacer\" data-id=\"6a872f4\" data-element_type=\"widget\" data-e-type=\"widget\" data-widget_type=\"spacer.default\">\n\t\t\t\t<div class=\"elementor-widget-container\">\n\t\t\t\t\t\t\t<div class=\"elementor-spacer\">\n\t\t\t<div class=\"elementor-spacer-inner\"><\/div>\n\t\t<\/div>\n\t\t\t\t\t\t<\/div>\n\t\t\t\t<\/div>\n\t\t\t\t<div class=\"elementor-element elementor-element-81efd79 elementor-widget elementor-widget-text-editor\" data-id=\"81efd79\" data-element_type=\"widget\" data-e-type=\"widget\" data-widget_type=\"text-editor.default\">\n\t\t\t\t<div class=\"elementor-widget-container\">\n\t\t\t\t\t\t\t\t\t<b>We are glad that you are considering becoming part of our spiritual family. Our desire is for every believer to have a place to grow in faith and live for the glory of God. Our goal is to meet a real need in South London, where over forty thousand Romanians live and there are very few Romanian evangelical churches.\n<\/b>\n<br><br><br>\n\n<b>\nIf you are already an active member of a Christian church within an easily accessible distance, with sound doctrine and mature leadership, we encourage you to remain steadfast and continue serving where God has called you.\n<\/b>\n\n<br><br><br>\n<b>\n\nBut if you have recently moved to the area or are looking to know God more within a Romanian Christian community, we warmly invite you to join us.\n<blockquote><strong>Becoming a member of BiNL means more than attending services. It is a conscious choice to belong to a spiritual family, to share your faith, and to serve together for the glory of Christ.<\/strong><\/blockquote><\/b>\t\t\t\t\t\t\t\t<\/div>\n\t\t\t\t<\/div>\n\t\t\t\t<div class=\"elementor-element elementor-element-91f610f elementor-widget elementor-widget-spacer\" data-id=\"91f610f\" data-element_type=\"widget\" data-e-type=\"widget\" data-widget_type=\"spacer.default\">\n\t\t\t\t<div class=\"elementor-widget-container\">\n\t\t\t\t\t\t\t<div class=\"elementor-spacer\">\n\t\t\t<div class=\"elementor-spacer-inner\"><\/div>\n\t\t<\/div>\n\t\t\t\t\t\t<\/div>\n\t\t\t\t<\/div>\n\t\t\t\t<div class=\"elementor-element elementor-element-41b1eca elementor-widget elementor-widget-trx_sc_icons\" data-id=\"41b1eca\" data-element_type=\"widget\" data-e-type=\"widget\" data-widget_type=\"trx_sc_icons.default\">\n\t\t\t\t<div class=\"elementor-widget-container\">\n\t\t\t\t\t<div id=\"trx_sc_icons_1027998487\" \n\tclass=\"sc_icons sc_icons_default sc_icons_size_small sc_align_left\"><h2 class=\"sc_item_title sc_icons_title sc_align_center sc_item_title_style_default\"><span class=\"sc_item_title_text\">The main steps to becoming a BiNL member:<\/span><\/h2><div class=\"sc_icons_columns_wrap sc_item_columns trx_addons_columns_wrap columns_padding_bottom\"><div class=\"trx_addons_column-1_2\"><div class=\"sc_icons_item sc_icons_item_char_on\"><div class=\"sc_icons_image\"><img fetchpriority=\"high\" decoding=\"async\" src=\"\/\/bisericanoullegamant.com\/wp-content\/uploads\/2025\/08\/deab66f1cf37f6ab46761e64a391cbbd-370x208.png\" alt=\"Icon\" width=\"370\" height=\"208\"><\/div><div class=\"sc_icons_icon sc_icons_char\" data-char=\"1\"><span data-char=\"1\"><\/span><\/div><div class=\"sc_icons_item_details\"><h4 class=\"sc_icons_item_title\"><span>Mutual acquaintance (3\u20136 months)<\/span><\/h4><div class=\"sc_icons_item_description\"><span>We give you time to get to know us\u2014the atmosphere, faith, and community. At the same time, we want to get to know you. During this period, you can participate in BiNL meetings, events, and activities.<\/span><\/div><\/div><\/div><\/div><div class=\"trx_addons_column-1_2\"><div class=\"sc_icons_item sc_icons_item_char_on\"><div class=\"sc_icons_image\"><img decoding=\"async\" src=\"\/\/bisericanoullegamant.com\/wp-content\/uploads\/2025\/08\/f3480be7fe03c36bcf7ae9b6b854eec3-e1756457719226-370x208.png\" alt=\"Icon\" width=\"370\" height=\"208\"><\/div><div class=\"sc_icons_icon sc_icons_char\" data-char=\"2\"><span data-char=\"2\"><\/span><\/div><div class=\"sc_icons_item_details\"><h4 class=\"sc_icons_item_title\"><span>Discussion about faith and church life<\/span><\/h4><div class=\"sc_icons_item_description\"><span>After this period, you will have a personal conversation with one of the church leaders to share your testimony and understand what membership at BiNL means.<\/span><\/div><\/div><\/div><\/div><div class=\"trx_addons_column-1_2\"><div class=\"sc_icons_item sc_icons_item_char_on\"><div class=\"sc_icons_image\"><img decoding=\"async\" src=\"\/\/bisericanoullegamant.com\/wp-content\/uploads\/2025\/08\/d30d0efd1c9dbc0c7e050559da73fc66-370x208.png\" alt=\"Icon\" width=\"370\" height=\"208\"><\/div><div class=\"sc_icons_icon sc_icons_char\" data-char=\"3\"><span data-char=\"3\"><\/span><\/div><div class=\"sc_icons_item_details\"><h4 class=\"sc_icons_item_title\"><span>Adopting the BiNL Creed and Values<\/span><\/h4><div class=\"sc_icons_item_description\"><span>Membership involves embracing the biblical faith and the New Covenant Church Creed, as well as living in accordance with the BiNL pillars of Worship, Mission, Discipleship, and Fellowship.<\/span><\/div><\/div><\/div><\/div><div class=\"trx_addons_column-1_2\"><div class=\"sc_icons_item sc_icons_item_char_on\"><div class=\"sc_icons_image\"><img loading=\"lazy\" decoding=\"async\" src=\"\/\/bisericanoullegamant.com\/wp-content\/uploads\/2025\/08\/326756de07212f62a8b00ceb21625f95-370x208.png\" alt=\"Icon\" width=\"370\" height=\"208\"><\/div><div class=\"sc_icons_icon sc_icons_char\" data-char=\"4\"><span data-char=\"4\"><\/span><\/div><div class=\"sc_icons_item_details\"><h4 class=\"sc_icons_item_title\"><span>Membership Commitment<\/span><\/h4><div class=\"sc_icons_item_description\"><span>A BiNL member regularly participates in church life, engages in service according to the gifts received, and lives faithfully before God and within the community.<\/span><\/div><\/div><\/div><\/div><\/div><\/div><!-- \/.sc_icons -->\t\t\t\t<\/div>\n\t\t\t\t<\/div>\n\t\t\t\t<div class=\"elementor-element elementor-element-bca00ed elementor-widget elementor-widget-spacer\" data-id=\"bca00ed\" data-element_type=\"widget\" data-e-type=\"widget\" data-widget_type=\"spacer.default\">\n\t\t\t\t<div class=\"elementor-widget-container\">\n\t\t\t\t\t\t\t<div class=\"elementor-spacer\">\n\t\t\t<div class=\"elementor-spacer-inner\"><\/div>\n\t\t<\/div>\n\t\t\t\t\t\t<\/div>\n\t\t\t\t<\/div>\n\t\t\t\t<section class=\"elementor-section elementor-inner-section elementor-element elementor-element-7a22d30 elementor-section-boxed elementor-section-height-default elementor-section-height-default\" data-id=\"7a22d30\" data-element_type=\"section\" data-e-type=\"section\">\n\t\t\t\t\t\t<div class=\"elementor-container elementor-column-gap-extended\">\n\t\t\t\t\t<div class=\"elementor-column elementor-col-100 elementor-inner-column elementor-element elementor-element-0a1d539 sc_layouts_column_icons_position_left\" data-id=\"0a1d539\" data-element_type=\"column\" data-e-type=\"column\">\n\t\t\t<div class=\"elementor-widget-wrap elementor-element-populated\">\n\t\t\t\t\t\t<div class=\"elementor-element elementor-element-2dc8d2b elementor-widget elementor-widget-heading\" data-id=\"2dc8d2b\" data-element_type=\"widget\" data-e-type=\"widget\" data-widget_type=\"heading.default\">\n\t\t\t\t<div class=\"elementor-widget-container\">\n\t\t\t\t\t<h2 class=\"elementor-heading-title elementor-size-default\">What does membership mean?<\/h2>\t\t\t\t<\/div>\n\t\t\t\t<\/div>\n\t\t\t\t<div class=\"elementor-element elementor-element-90c3bf6 elementor-widget elementor-widget-spacer\" data-id=\"90c3bf6\" data-element_type=\"widget\" data-e-type=\"widget\" data-widget_type=\"spacer.default\">\n\t\t\t\t<div class=\"elementor-widget-container\">\n\t\t\t\t\t\t\t<div class=\"elementor-spacer\">\n\t\t\t<div class=\"elementor-spacer-inner\"><\/div>\n\t\t<\/div>\n\t\t\t\t\t\t<\/div>\n\t\t\t\t<\/div>\n\t\t\t\t<div class=\"elementor-element elementor-element-b2f21e1 elementor-widget elementor-widget-text-editor\" data-id=\"b2f21e1\" data-element_type=\"widget\" data-e-type=\"widget\" data-widget_type=\"text-editor.default\">\n\t\t\t\t<div class=\"elementor-widget-container\">\n\t\t\t\t\t\t\t\t\t<p><strong>Practically, membership means being present at church gatherings, praying and serving alongside us, contributing to the growth of the community, and enjoying the support of a spiritual family when you need it.<\/strong><\/p><p><strong>If you feel that this is the right step for you, we encourage you to speak with one of <a href=\"\/en\/our-team\/\">the church leaders <\/a>sau s\u0103 ne scrii la contact@binl.co.uk<\/strong><\/p>\t\t\t\t\t\t\t\t<\/div>\n\t\t\t\t<\/div>\n\t\t\t\t<div class=\"elementor-element elementor-element-3528a22 elementor-widget elementor-widget-spacer\" data-id=\"3528a22\" data-element_type=\"widget\" data-e-type=\"widget\" data-widget_type=\"spacer.default\">\n\t\t\t\t<div class=\"elementor-widget-container\">\n\t\t\t\t\t\t\t<div class=\"elementor-spacer\">\n\t\t\t<div class=\"elementor-spacer-inner\"><\/div>\n\t\t<\/div>\n\t\t\t\t\t\t<\/div>\n\t\t\t\t<\/div>\n\t\t\t\t\t<\/div>\n\t\t<\/div>\n\t\t\t\t\t<\/div>\n\t\t<\/section>\n\t\t\t\t\t<\/div>\n\t\t<\/div>\n\t\t\t\t\t<\/div>\n\t\t<\/section>\n\t\t\t\t\t<\/div>\n\t\t<\/div>\n\t\t\t\t\t<\/div>\n\t\t<\/section>\n\t\t\t\t<\/div>","protected":false},"excerpt":{"rendered":"<p>Cum devin membru al BiNL? Ne bucur\u0103m c\u0103 te g\u00e2nde\u0219ti s\u0103 faci parte din familia noastr\u0103 spiritual\u0103. Dorin\u021ba noastr\u0103 este ca fiecare credincios s\u0103 aib\u0103 un loc unde s\u0103 creasc\u0103 \u00een credin\u021b\u0103 \u0219i s\u0103 tr\u0103iasc\u0103 pentru gloria lui Dumnezeu.&hellip;<\/p>","protected":false},"author":1,"featured_media":0,"parent":0,"menu_order":0,"comment_status":"closed","ping_status":"closed","template":"","meta":{"give_campaign_id":0,"_uag_custom_page_level_css":"","_monsterinsights_skip_tracking":false,"_monsterinsights_sitenote_active":false,"_monsterinsights_sitenote_note":"","_monsterinsights_sitenote_category":0,"footnotes":""},"class_list":["post-336","page","type-page","status-publish","hentry"],"aioseo_notices":[],"campaignId":"","uagb_featured_image_src":{"full":false,"thumbnail":false,"medium":false,"medium_large":false,"large":false,"1536x1536":false,"2048x2048":false,"trp-custom-language-flag":false,"post-thumbnail":false,"nazareth-thumb-huge":false,"nazareth-thumb-big":false,"nazareth-thumb-give":false,"nazareth-thumb-med":false,"nazareth-thumb-team":false,"nazareth-thumb-tiny":false,"nazareth-thumb-masonry-big":false,"nazareth-thumb-masonry":false,"trx_addons-thumb-small":false,"trx_addons-thumb-portrait":false,"trx_addons-thumb-avatar":false},"uagb_author_info":{"display_name":"bisericanoullegamantlondra@gmail.com","author_link":"https:\/\/bisericanoullegamant.com\/en\/author\/bisericanoullegamantlondragmail-com\/"},"uagb_comment_info":0,"uagb_excerpt":"Cum devin membru al BiNL? Ne bucur\u0103m c\u0103 te g\u00e2nde\u0219ti s\u0103 faci parte din familia noastr\u0103 spiritual\u0103. Dorin\u021ba noastr\u0103 este ca fiecare credincios s\u0103 aib\u0103 un loc unde s\u0103 creasc\u0103 \u00een credin\u021b\u0103 \u0219i s\u0103 tr\u0103iasc\u0103 pentru gloria lui Dumnezeu.&hellip;","_links":{"self":[{"href":"https:\/\/bisericanoullegamant.com\/en\/wp-json\/wp\/v2\/pages\/336","targetHints":{"allow":["GET"]}}],"collection":[{"href":"https:\/\/bisericanoullegamant.com\/en\/wp-json\/wp\/v2\/pages"}],"about":[{"href":"https:\/\/bisericanoullegamant.com\/en\/wp-json\/wp\/v2\/types\/page"}],"author":[{"embeddable":true,"href":"https:\/\/bisericanoullegamant.com\/en\/wp-json\/wp\/v2\/users\/1"}],"replies":[{"embeddable":true,"href":"https:\/\/bisericanoullegamant.com\/en\/wp-json\/wp\/v2\/comments?post=336"}],"version-history":[{"count":72,"href":"https:\/\/bisericanoullegamant.com\/en\/wp-json\/wp\/v2\/pages\/336\/revisions"}],"predecessor-version":[{"id":4436,"href":"https:\/\/bisericanoullegamant.com\/en\/wp-json\/wp\/v2\/pages\/336\/revisions\/4436"}],"wp:attachment":[{"href":"https:\/\/bisericanoullegamant.com\/en\/wp-json\/wp\/v2\/media?parent=336"}],"curies":[{"name":"wp","href":"https:\/\/api.w.org\/{rel}","templated":true}]}}