{"id":348,"date":"2018-06-20T13:53:12","date_gmt":"2018-06-20T13:53:12","guid":{"rendered":"https:\/\/bisericanoullegamant.com\/?page_id=348"},"modified":"2025-10-11T11:05:46","modified_gmt":"2025-10-11T11:05:46","slug":"who-we-are","status":"publish","type":"page","link":"https:\/\/bisericanoullegamant.com\/en\/who-we-are\/","title":{"rendered":"Who We Are"},"content":{"rendered":"<div data-elementor-type=\"wp-post\" data-elementor-id=\"348\" class=\"elementor elementor-348\">\n\t\t\t\t\t\t<section class=\"elementor-section elementor-top-section elementor-element elementor-element-96e8ca6 elementor-section-stretched elementor-section-boxed elementor-section-height-default elementor-section-height-default\" data-id=\"96e8ca6\" data-element_type=\"section\" data-e-type=\"section\" data-settings=\"{&quot;stretch_section&quot;:&quot;section-stretched&quot;,&quot;background_background&quot;:&quot;classic&quot;}\">\n\t\t\t\t\t\t<div class=\"elementor-container elementor-column-gap-extended\">\n\t\t\t\t\t<div class=\"elementor-column elementor-col-100 elementor-top-column elementor-element elementor-element-6521c9f sc_layouts_column_icons_position_left\" data-id=\"6521c9f\" data-element_type=\"column\" data-e-type=\"column\">\n\t\t\t<div class=\"elementor-widget-wrap elementor-element-populated\">\n\t\t\t\t\t\t<div class=\"elementor-element elementor-element-b36c039 elementor-widget elementor-widget-spacer\" data-id=\"b36c039\" data-element_type=\"widget\" data-e-type=\"widget\" data-widget_type=\"spacer.default\">\n\t\t\t\t<div class=\"elementor-widget-container\">\n\t\t\t\t\t\t\t<div class=\"elementor-spacer\">\n\t\t\t<div class=\"elementor-spacer-inner\"><\/div>\n\t\t<\/div>\n\t\t\t\t\t\t<\/div>\n\t\t\t\t<\/div>\n\t\t\t\t<div class=\"elementor-element elementor-element-59f23f3 elementor-widget elementor-widget-trx_sc_title\" data-id=\"59f23f3\" data-element_type=\"widget\" data-e-type=\"widget\" data-widget_type=\"trx_sc_title.default\">\n\t\t\t\t<div class=\"elementor-widget-container\">\n\t\t\t\t\t<div id=\"trx_sc_title_344008615\"\n\t\tclass=\"sc_title sc_title_shadow\"><span class=\"sc_item_subtitle sc_title_subtitle sc_align_center sc_item_subtitle_above sc_item_title_style_shadow\">Who We Are<\/span><h2 class=\"sc_item_title sc_title_title sc_align_center sc_item_title_style_shadow\"><span class=\"sc_item_title_text\">GUIDED BY SCRIPTURE, WE LIVE FOR THE GLORY OF CHRIST<\/span><\/h2><div class=\"sc_item_descr sc_title_descr sc_align_center\"><p><b>The New Covenant Church London (BiNL) is a Romanian evangelical church planted in South London, born out of the desire to follow Christ, make disciples, and respond to a real need.<\/b><\/p>\n<\/div><\/div><!-- \/.sc_title -->\t\t\t\t<\/div>\n\t\t\t\t<\/div>\n\t\t\t\t<div class=\"elementor-element elementor-element-db53a57 elementor-widget elementor-widget-spacer\" data-id=\"db53a57\" data-element_type=\"widget\" data-e-type=\"widget\" data-widget_type=\"spacer.default\">\n\t\t\t\t<div class=\"elementor-widget-container\">\n\t\t\t\t\t\t\t<div class=\"elementor-spacer\">\n\t\t\t<div class=\"elementor-spacer-inner\"><\/div>\n\t\t<\/div>\n\t\t\t\t\t\t<\/div>\n\t\t\t\t<\/div>\n\t\t\t\t\t<\/div>\n\t\t<\/div>\n\t\t\t\t\t<\/div>\n\t\t<\/section>\n\t\t\t\t<section class=\"elementor-section elementor-top-section elementor-element elementor-element-52866f0 elementor-section-stretched hide_bg_image_on_tablet hide_bg_image_on_mobile elementor-section-boxed elementor-section-height-default elementor-section-height-default\" data-id=\"52866f0\" data-element_type=\"section\" data-e-type=\"section\" data-settings=\"{&quot;stretch_section&quot;:&quot;section-stretched&quot;,&quot;background_background&quot;:&quot;classic&quot;}\">\n\t\t\t\t\t\t<div class=\"elementor-container elementor-column-gap-no\">\n\t\t\t\t\t<div class=\"elementor-column elementor-col-100 elementor-top-column elementor-element elementor-element-4113e56 sc_layouts_column_icons_position_left\" data-id=\"4113e56\" data-element_type=\"column\" data-e-type=\"column\">\n\t\t\t<div class=\"elementor-widget-wrap elementor-element-populated\">\n\t\t\t\t\t\t<section class=\"elementor-section elementor-inner-section elementor-element elementor-element-313203c elementor-section-boxed elementor-section-height-default elementor-section-height-default\" data-id=\"313203c\" data-element_type=\"section\" data-e-type=\"section\">\n\t\t\t\t\t\t<div class=\"elementor-container elementor-column-gap-no\">\n\t\t\t\t\t<div class=\"elementor-column elementor-col-100 elementor-inner-column elementor-element elementor-element-436ce5a sc_layouts_column_icons_position_left\" data-id=\"436ce5a\" data-element_type=\"column\" data-e-type=\"column\">\n\t\t\t<div class=\"elementor-widget-wrap elementor-element-populated\">\n\t\t\t\t\t\t<div class=\"elementor-element elementor-element-80929e8 elementor-widget elementor-widget-spacer\" data-id=\"80929e8\" data-element_type=\"widget\" data-e-type=\"widget\" data-widget_type=\"spacer.default\">\n\t\t\t\t<div class=\"elementor-widget-container\">\n\t\t\t\t\t\t\t<div class=\"elementor-spacer\">\n\t\t\t<div class=\"elementor-spacer-inner\"><\/div>\n\t\t<\/div>\n\t\t\t\t\t\t<\/div>\n\t\t\t\t<\/div>\n\t\t\t\t<div class=\"elementor-element elementor-element-5fa24d6 elementor-widget elementor-widget-trx_sc_promo\" data-id=\"5fa24d6\" data-element_type=\"widget\" data-e-type=\"widget\" data-widget_type=\"trx_sc_promo.default\">\n\t\t\t\t<div class=\"elementor-widget-container\">\n\t\t\t\t\t<div  id=\"trx_sc_promo_41563435\" \n\tclass=\"sc_promo sc_promo_default sc_promo_size_normal sc_promo_image_position_right\"><div class=\"sc_promo_image\" style=\"background-image:url(\/\/bisericanoullegamant.com\/wp-content\/uploads\/2025\/08\/249463505fc69df9f5e2574750750e4e.jpeg);width:50%;right: 0;\"><\/div><!-- \/.sc_promo_image --><div class=\"sc_promo_text\" style=\"width: 50%;float: left;\">\n\t\t\t<div class=\"sc_promo_text_inner trx_addons_inline_339664076\"><span class=\"sc_item_subtitle sc_promo_subtitle sc_item_subtitle_above sc_item_title_style_accent\"> <\/span><h3 class=\"sc_item_title sc_promo_title sc_item_title_style_accent\"><span class=\"sc_item_title_text\">WHY SOUTH LONDON?<\/span><\/h3><div class=\"sc_item_descr sc_promo_descr\"><p>While there are ~45 Romanian evangelical churches north of the Thames (about one for every 3,500 Romanians), in the south we identified only 3 \u2013 roughly one for every 14,000 Romanians. This reality deeply moved us.<\/p>\n<\/div><\/div>\n\t\t<\/div><!-- \/.sc_promo_text --><\/div><!-- \/.sc_promo -->\t\t\t\t<\/div>\n\t\t\t\t<\/div>\n\t\t\t\t<div class=\"elementor-element elementor-element-277b570 elementor-widget elementor-widget-spacer\" data-id=\"277b570\" data-element_type=\"widget\" data-e-type=\"widget\" data-widget_type=\"spacer.default\">\n\t\t\t\t<div class=\"elementor-widget-container\">\n\t\t\t\t\t\t\t<div class=\"elementor-spacer\">\n\t\t\t<div class=\"elementor-spacer-inner\"><\/div>\n\t\t<\/div>\n\t\t\t\t\t\t<\/div>\n\t\t\t\t<\/div>\n\t\t\t\t<div class=\"elementor-element elementor-element-07b42d3 elementor-widget elementor-widget-trx_sc_title\" data-id=\"07b42d3\" data-element_type=\"widget\" data-e-type=\"widget\" data-widget_type=\"trx_sc_title.default\">\n\t\t\t\t<div class=\"elementor-widget-container\">\n\t\t\t\t\t<div id=\"trx_sc_title_1713078603\"\n\t\tclass=\"sc_title sc_title_default\"><span class=\"sc_item_subtitle sc_title_subtitle sc_item_subtitle_above sc_item_title_style_default\"> Luke 10:2<\/span><h2 class=\"sc_item_title sc_title_title sc_item_title_style_default\"><span class=\"sc_item_title_text\">And He said to them, \u201cThe harvest is plentiful, but the workers are few. Therefore pray earnestly to the Lord of the harvest to send out workers into His harvest!\u201d<\/span><\/h2><div class=\"sc_item_descr sc_title_descr\"><\/div><\/div><!-- \/.sc_title -->\t\t\t\t<\/div>\n\t\t\t\t<\/div>\n\t\t\t\t\t<\/div>\n\t\t<\/div>\n\t\t\t\t\t<\/div>\n\t\t<\/section>\n\t\t\t\t<section class=\"elementor-section elementor-inner-section elementor-element elementor-element-2d5f0e4 elementor-section-boxed elementor-section-height-default elementor-section-height-default\" data-id=\"2d5f0e4\" data-element_type=\"section\" data-e-type=\"section\">\n\t\t\t\t\t\t<div class=\"elementor-container elementor-column-gap-no\">\n\t\t\t\t\t<div class=\"elementor-column elementor-col-100 elementor-inner-column elementor-element elementor-element-1ed9c8e sc_layouts_column_icons_position_left\" data-id=\"1ed9c8e\" data-element_type=\"column\" data-e-type=\"column\">\n\t\t\t<div class=\"elementor-widget-wrap elementor-element-populated\">\n\t\t\t\t\t\t<div class=\"elementor-element elementor-element-2f23587 elementor-widget elementor-widget-spacer\" data-id=\"2f23587\" data-element_type=\"widget\" data-e-type=\"widget\" data-widget_type=\"spacer.default\">\n\t\t\t\t<div class=\"elementor-widget-container\">\n\t\t\t\t\t\t\t<div class=\"elementor-spacer\">\n\t\t\t<div class=\"elementor-spacer-inner\"><\/div>\n\t\t<\/div>\n\t\t\t\t\t\t<\/div>\n\t\t\t\t<\/div>\n\t\t\t\t<div class=\"elementor-element elementor-element-ef3857f elementor-widget elementor-widget-trx_sc_promo\" data-id=\"ef3857f\" data-element_type=\"widget\" data-e-type=\"widget\" data-widget_type=\"trx_sc_promo.default\">\n\t\t\t\t<div class=\"elementor-widget-container\">\n\t\t\t\t\t<div  id=\"trx_sc_promo_732394743\" \n\tclass=\"sc_promo sc_promo_default sc_promo_size_normal sc_promo_image_position_left\"><div class=\"sc_promo_image\" style=\"background-image:url(\/\/bisericanoullegamant.com\/wp-content\/uploads\/2025\/08\/a3945dd08882716ce44c6980188bd71b.png);width:50%;left: 0;\"><\/div><!-- \/.sc_promo_image --><div class=\"sc_promo_text\" style=\"width: 50%;float: right;\">\n\t\t\t<div class=\"sc_promo_text_inner trx_addons_inline_1157057162\"><span class=\"sc_item_subtitle sc_promo_subtitle sc_item_subtitle_above sc_item_title_style_accent\"> <\/span><h3 class=\"sc_item_title sc_promo_title sc_item_title_style_accent\"><span class=\"sc_item_title_text\">HOW IT BEGAN<\/span><\/h3><div class=\"sc_item_descr sc_promo_descr\"><p>For nearly 2 years, 5 families met regularly as a discipleship group \u2013 to worship, study Scripture, and grow together. As we sought God\u2019s will, He clearly showed us the need to plant a church in South London. This is how BiNL \u2013 The New Covenant Church London \u2013 began in March 2025.<\/p>\n<\/div><\/div>\n\t\t<\/div><!-- \/.sc_promo_text --><\/div><!-- \/.sc_promo -->\t\t\t\t<\/div>\n\t\t\t\t<\/div>\n\t\t\t\t\t<\/div>\n\t\t<\/div>\n\t\t\t\t\t<\/div>\n\t\t<\/section>\n\t\t\t\t<section class=\"elementor-section elementor-inner-section elementor-element elementor-element-642872f elementor-section-boxed elementor-section-height-default elementor-section-height-default\" data-id=\"642872f\" data-element_type=\"section\" data-e-type=\"section\">\n\t\t\t\t\t\t<div class=\"elementor-container elementor-column-gap-extended\">\n\t\t\t\t\t<div class=\"elementor-column elementor-col-100 elementor-inner-column elementor-element elementor-element-b0b7794 sc_layouts_column_icons_position_left\" data-id=\"b0b7794\" data-element_type=\"column\" data-e-type=\"column\">\n\t\t\t<div class=\"elementor-widget-wrap elementor-element-populated\">\n\t\t\t\t\t\t<div class=\"elementor-element elementor-element-71707b3 elementor-widget elementor-widget-spacer\" data-id=\"71707b3\" data-element_type=\"widget\" data-e-type=\"widget\" data-widget_type=\"spacer.default\">\n\t\t\t\t<div class=\"elementor-widget-container\">\n\t\t\t\t\t\t\t<div class=\"elementor-spacer\">\n\t\t\t<div class=\"elementor-spacer-inner\"><\/div>\n\t\t<\/div>\n\t\t\t\t\t\t<\/div>\n\t\t\t\t<\/div>\n\t\t\t\t<div class=\"elementor-element elementor-element-0d5554c elementor-widget elementor-widget-trx_sc_promo\" data-id=\"0d5554c\" data-element_type=\"widget\" data-e-type=\"widget\" data-widget_type=\"trx_sc_promo.default\">\n\t\t\t\t<div class=\"elementor-widget-container\">\n\t\t\t\t\t<div  id=\"trx_sc_promo_1780631061\" \n\tclass=\"sc_promo sc_promo_default sc_promo_size_normal sc_promo_image_position_right\"><div class=\"sc_promo_image\" style=\"background-image:url(\/\/bisericanoullegamant.com\/wp-content\/uploads\/2025\/08\/a4667fd8c89e56301dbd6d2050b64681.png);width:50%;right: 0;\"><\/div><!-- \/.sc_promo_image --><div class=\"sc_promo_text\" style=\"width: 50%;float: left;\">\n\t\t\t<div class=\"sc_promo_text_inner trx_addons_inline_625251575\"><span class=\"sc_item_subtitle sc_promo_subtitle sc_item_subtitle_above sc_item_title_style_accent\"> <\/span><h3 class=\"sc_item_title sc_promo_title sc_item_title_style_accent\"><span class=\"sc_item_title_text\">WHO SUPPORTS US<\/span><\/h3><div class=\"sc_item_descr sc_promo_descr\"><p>BiNL Church is supported by <a href=\"https:\/\/www.orpingtonbaptist.org.uk\/\">Orpington Baptist Church<\/a>, one of the largest local English Baptist churches that most of us were part of. We also actively collaborate with pastors and ministers from Romania and the diaspora. God has worked wonderfully and continues to do so.<br \/><\/p>\n<\/div><\/div>\n\t\t<\/div><!-- \/.sc_promo_text --><\/div><!-- \/.sc_promo -->\t\t\t\t<\/div>\n\t\t\t\t<\/div>\n\t\t\t\t<div class=\"elementor-element elementor-element-3eae65a elementor-widget elementor-widget-spacer\" data-id=\"3eae65a\" data-element_type=\"widget\" data-e-type=\"widget\" data-widget_type=\"spacer.default\">\n\t\t\t\t<div class=\"elementor-widget-container\">\n\t\t\t\t\t\t\t<div class=\"elementor-spacer\">\n\t\t\t<div class=\"elementor-spacer-inner\"><\/div>\n\t\t<\/div>\n\t\t\t\t\t\t<\/div>\n\t\t\t\t<\/div>\n\t\t\t\t\t<\/div>\n\t\t<\/div>\n\t\t\t\t\t<\/div>\n\t\t<\/section>\n\t\t\t\t\t<\/div>\n\t\t<\/div>\n\t\t\t\t\t<\/div>\n\t\t<\/section>\n\t\t\t\t<\/div>","protected":false},"excerpt":{"rendered":"<p>Cine suntem? C\u0102L\u0102UZI\u021aI DE SCRIPTUR\u0102, TR\u0102IM PENTRU GLORIA LUI HRISTOS Biserica Noul Leg\u0103m\u00e2nt Londra (BiNL) este o biseric\u0103 rom\u00e2neasc\u0103 evanghelic\u0103 plantat\u0103 \u00een sudul Londrei, n\u0103scut\u0103 din dorin\u021ba de a-L urma pe Hristos, de a face ucenici \u0219i de a&hellip;<\/p>","protected":false},"author":1,"featured_media":0,"parent":0,"menu_order":0,"comment_status":"closed","ping_status":"closed","template":"","meta":{"give_campaign_id":0,"_uag_custom_page_level_css":"","_monsterinsights_skip_tracking":false,"_monsterinsights_sitenote_active":false,"_monsterinsights_sitenote_note":"","_monsterinsights_sitenote_category":0,"footnotes":""},"class_list":["post-348","page","type-page","status-publish","hentry"],"aioseo_notices":[],"campaignId":"","uagb_featured_image_src":{"full":false,"thumbnail":false,"medium":false,"medium_large":false,"large":false,"1536x1536":false,"2048x2048":false,"trp-custom-language-flag":false,"post-thumbnail":false,"nazareth-thumb-huge":false,"nazareth-thumb-big":false,"nazareth-thumb-give":false,"nazareth-thumb-med":false,"nazareth-thumb-team":false,"nazareth-thumb-tiny":false,"nazareth-thumb-masonry-big":false,"nazareth-thumb-masonry":false,"trx_addons-thumb-small":false,"trx_addons-thumb-portrait":false,"trx_addons-thumb-avatar":false},"uagb_author_info":{"display_name":"bisericanoullegamantlondra@gmail.com","author_link":"https:\/\/bisericanoullegamant.com\/en\/author\/bisericanoullegamantlondragmail-com\/"},"uagb_comment_info":0,"uagb_excerpt":"Cine suntem? C\u0102L\u0102UZI\u021aI DE SCRIPTUR\u0102, TR\u0102IM PENTRU GLORIA LUI HRISTOS Biserica Noul Leg\u0103m\u00e2nt Londra (BiNL) este o biseric\u0103 rom\u00e2neasc\u0103 evanghelic\u0103 plantat\u0103 \u00een sudul Londrei, n\u0103scut\u0103 din dorin\u021ba de a-L urma pe Hristos, de a face ucenici \u0219i de a&hellip;","_links":{"self":[{"href":"https:\/\/bisericanoullegamant.com\/en\/wp-json\/wp\/v2\/pages\/348","targetHints":{"allow":["GET"]}}],"collection":[{"href":"https:\/\/bisericanoullegamant.com\/en\/wp-json\/wp\/v2\/pages"}],"about":[{"href":"https:\/\/bisericanoullegamant.com\/en\/wp-json\/wp\/v2\/types\/page"}],"author":[{"embeddable":true,"href":"https:\/\/bisericanoullegamant.com\/en\/wp-json\/wp\/v2\/users\/1"}],"replies":[{"embeddable":true,"href":"https:\/\/bisericanoullegamant.com\/en\/wp-json\/wp\/v2\/comments?post=348"}],"version-history":[{"count":54,"href":"https:\/\/bisericanoullegamant.com\/en\/wp-json\/wp\/v2\/pages\/348\/revisions"}],"predecessor-version":[{"id":4417,"href":"https:\/\/bisericanoullegamant.com\/en\/wp-json\/wp\/v2\/pages\/348\/revisions\/4417"}],"wp:attachment":[{"href":"https:\/\/bisericanoullegamant.com\/en\/wp-json\/wp\/v2\/media?parent=348"}],"curies":[{"name":"wp","href":"https:\/\/api.w.org\/{rel}","templated":true}]}}